{"id":1112,"date":"2024-09-17T15:35:23","date_gmt":"2024-09-17T13:35:23","guid":{"rendered":"https:\/\/004.zerohdesign.com\/?page_id=1112"},"modified":"2024-09-17T15:35:24","modified_gmt":"2024-09-17T13:35:24","slug":"felelosseg-vallalasi-nyilatkozat","status":"publish","type":"page","link":"https:\/\/wwg.ro\/ro\/felelosseg-vallalasi-nyilatkozat\/","title":{"rendered":"Felel\u0151ss\u00e9g v\u00e1llal\u00e1si nyilatkozat"},"content":{"rendered":"","protected":false},"excerpt":{"rendered":"","protected":false},"author":1,"featured_media":0,"parent":0,"menu_order":0,"comment_status":"closed","ping_status":"closed","template":"","meta":{"_et_pb_use_builder":"","_et_pb_old_content":"","_et_gb_content_width":"","footnotes":""},"class_list":["post-1112","page","type-page","status-publish","hentry"],"_links":{"self":[{"href":"https:\/\/wwg.ro\/ro\/wp-json\/wp\/v2\/pages\/1112","targetHints":{"allow":["GET"]}}],"collection":[{"href":"https:\/\/wwg.ro\/ro\/wp-json\/wp\/v2\/pages"}],"about":[{"href":"https:\/\/wwg.ro\/ro\/wp-json\/wp\/v2\/types\/page"}],"author":[{"embeddable":true,"href":"https:\/\/wwg.ro\/ro\/wp-json\/wp\/v2\/users\/1"}],"replies":[{"embeddable":true,"href":"https:\/\/wwg.ro\/ro\/wp-json\/wp\/v2\/comments?post=1112"}],"version-history":[{"count":1,"href":"https:\/\/wwg.ro\/ro\/wp-json\/wp\/v2\/pages\/1112\/revisions"}],"predecessor-version":[{"id":1113,"href":"https:\/\/wwg.ro\/ro\/wp-json\/wp\/v2\/pages\/1112\/revisions\/1113"}],"wp:attachment":[{"href":"https:\/\/wwg.ro\/ro\/wp-json\/wp\/v2\/media?parent=1112"}],"curies":[{"name":"wp","href":"https:\/\/api.w.org\/{rel}","templated":true}]}}